{"id":102,"date":"2024-11-18T17:50:05","date_gmt":"2024-11-18T17:50:05","guid":{"rendered":"https:\/\/www.pflegeberatung-hochstift.de\/?page_id=102"},"modified":"2024-12-05T20:13:02","modified_gmt":"2024-12-05T20:13:02","slug":"ueber-mich","status":"publish","type":"page","link":"https:\/\/www.pflegeberatung-hochstift.de\/?page_id=102","title":{"rendered":"\u00dcber mich"},"content":{"rendered":"\n<p>Mein Name ist Nicole Driller und ich lebe in einem Vorort von Paderborn.<\/p>\n\n\n\n<p>Nach meiner Schulausbildung habe ich zuerst den Beruf der K\u00f6chin in einem Kurhotel erlernt und bis zur Familienzeit in diesem Bereich gearbeitet.<\/p>\n\n\n\n<p>Relativ schnell habe ich festgestellt, dass mich der Beruf nicht erf\u00fcllt und habe 1998 in den Bereich der Pflege umgesattelt .<\/p>\n\n\n\n<p>Anfangs als Pflegehelfer, dann als Pflegefachkraft habe ich viele Jahre im station\u00e4ren sowie ambulanten Bereich, der Psychiatrie und in der Altenpflege gearbeitet.<br><br><strong>Ausbildung\/ Studium<\/strong><\/p>\n\n\n\n<p>Examinierte Pflegefachkraft<br>Pflegeberaterin \u00a7 7a und \u00a745 SGB XI<\/p>\n\n\n\n<p><strong>Berufliche Erfahrung<\/strong><\/p>\n\n\n\n<p>Examinierte Pflegefachkraft ambulant und station\u00e4r<br>Wohnbereichsleitung&nbsp;<br>stellvertretende Pflegedienstleitung<br>Case Managerin<br>Pflegeberaterin&nbsp;<\/p>\n\n\n\n<p>Nach knapp 20-j\u00e4hriger Erfahrung als Pflegefachkraft kann ich auf ein Gesamtbild in der Pflege zur\u00fcckblicken.\u00a0<\/p>\n\n\n\n<p>Immer wieder stelle ich die Unwissenheit pflegender Angeh\u00f6riger fest und genau das habe ich mir zu meine Unternehmensphilosophie gemacht.<\/p>\n\n\n\n<p>Grunds\u00e4tzlich unterliege ich in meiner Funktion als Pflegeberater der gesetzlichen Schweigepflicht und w\u00fcnsche mir, dass ich in einer pers\u00f6nlichen Beratung \/ Schulung ein individuelles Pflegekonzept der einzelnen Person in den Vordergrund stellen kann, um somit die Pflegesituation zu optimieren.<\/p>\n\n\n\n<p><\/p>\n","protected":false},"excerpt":{"rendered":"<p>Mein Name ist Nicole Driller und ich lebe in einem Vorort von Paderborn. Nach meiner Schulausbildung habe ich zuerst den Beruf der K\u00f6chin in einem Kurhotel erlernt und bis zur Familienzeit in diesem Bereich gearbeitet. Relativ schnell habe ich festgestellt, dass mich der Beruf nicht erf\u00fcllt und habe 1998 in den Bereich der Pflege umgesattelt &hellip; <a href=\"https:\/\/www.pflegeberatung-hochstift.de\/?page_id=102\" class=\"more-link\"><span class=\"screen-reader-text\">\u00dcber mich<\/span> weiterlesen<\/a><\/p>\n","protected":false},"author":1,"featured_media":0,"parent":0,"menu_order":0,"comment_status":"closed","ping_status":"closed","template":"","meta":{"footnotes":""},"class_list":["post-102","page","type-page","status-publish","hentry"],"_links":{"self":[{"href":"https:\/\/www.pflegeberatung-hochstift.de\/index.php?rest_route=\/wp\/v2\/pages\/102","targetHints":{"allow":["GET"]}}],"collection":[{"href":"https:\/\/www.pflegeberatung-hochstift.de\/index.php?rest_route=\/wp\/v2\/pages"}],"about":[{"href":"https:\/\/www.pflegeberatung-hochstift.de\/index.php?rest_route=\/wp\/v2\/types\/page"}],"author":[{"embeddable":true,"href":"https:\/\/www.pflegeberatung-hochstift.de\/index.php?rest_route=\/wp\/v2\/users\/1"}],"replies":[{"embeddable":true,"href":"https:\/\/www.pflegeberatung-hochstift.de\/index.php?rest_route=%2Fwp%2Fv2%2Fcomments&post=102"}],"version-history":[{"count":8,"href":"https:\/\/www.pflegeberatung-hochstift.de\/index.php?rest_route=\/wp\/v2\/pages\/102\/revisions"}],"predecessor-version":[{"id":194,"href":"https:\/\/www.pflegeberatung-hochstift.de\/index.php?rest_route=\/wp\/v2\/pages\/102\/revisions\/194"}],"wp:attachment":[{"href":"https:\/\/www.pflegeberatung-hochstift.de\/index.php?rest_route=%2Fwp%2Fv2%2Fmedia&parent=102"}],"curies":[{"name":"wp","href":"https:\/\/api.w.org\/{rel}","templated":true}]}}