{"id":2,"date":"2024-11-17T17:04:29","date_gmt":"2024-11-17T17:04:29","guid":{"rendered":"http:\/\/www.pflegeberatung-hochstift.de\/?page_id=2"},"modified":"2024-12-05T20:09:19","modified_gmt":"2024-12-05T20:09:19","slug":"sample-page","status":"publish","type":"page","link":"https:\/\/www.pflegeberatung-hochstift.de\/","title":{"rendered":""},"content":{"rendered":"\n<p class=\"has-text-align-left\"><\/p>\n\n\n\n<div class=\"wp-block-media-text is-stacked-on-mobile\" style=\"grid-template-columns:42% auto\"><figure class=\"wp-block-media-text__media\"><img loading=\"lazy\" decoding=\"async\" width=\"360\" height=\"519\" src=\"https:\/\/www.pflegeberatung-hochstift.de\/wp-content\/uploads\/2024\/11\/image-1.png\" alt=\"\" class=\"wp-image-106 size-full\" srcset=\"https:\/\/www.pflegeberatung-hochstift.de\/wp-content\/uploads\/2024\/11\/image-1.png 360w, https:\/\/www.pflegeberatung-hochstift.de\/wp-content\/uploads\/2024\/11\/image-1-208x300.png 208w\" sizes=\"auto, (max-width: 360px) 100vw, 360px\" \/><\/figure><div class=\"wp-block-media-text__content\">\n<p class=\"has-text-align-left\">Herzlich Willkommen auf meiner Seite. Ich freue mich, dass Sie den Weg zu mir gefunden haben.<\/p>\n\n\n\n<p class=\"has-text-align-left\">Mein Name ist Nicole Driller und ich bin zugelassene Pflegeberaterin f\u00fcr alle Kassen nach \u00a7 37.3 SGB XI.<\/p>\n\n\n\n<p class=\"has-text-align-left\">Zus\u00e4tzlich biete ich \u201eLeistungen zum Entlastungsbetrag\u201c nach \u00a745b und \u201eSchulungen in der h\u00e4uslichen Umgebung\u201c nach \u00a745 an. <\/p>\n\n\n\n<p class=\"has-text-align-left\">Als examinierte Pflegefachkraft verf\u00fcge ich \u00fcber langj\u00e4hrige Erfahrung in der ambulanten und station\u00e4ren Pflege.\u00a0<\/p>\n\n\n\n<p class=\"has-text-align-left\"><a href=\"https:\/\/www.pflegeberatung-hochstift.de\/?page_id=102\">Weitergehende Informationen finden Sie hier!<\/a><\/p>\n\n\n\n<p class=\"has-text-align-left\"><\/p>\n<\/div><\/div>\n","protected":false},"excerpt":{"rendered":"<p>Herzlich Willkommen auf meiner Seite. Ich freue mich, dass Sie den Weg zu mir gefunden haben. Mein Name ist Nicole Driller und ich bin zugelassene Pflegeberaterin f\u00fcr alle Kassen nach \u00a7 37.3 SGB XI. Zus\u00e4tzlich biete ich \u201eLeistungen zum Entlastungsbetrag\u201c nach \u00a745b und \u201eSchulungen in der h\u00e4uslichen Umgebung\u201c nach \u00a745 an. Als examinierte Pflegefachkraft verf\u00fcge &hellip; <a href=\"https:\/\/www.pflegeberatung-hochstift.de\/\" class=\"more-link\"><span class=\"screen-reader-text\"><\/span> weiterlesen<\/a><\/p>\n","protected":false},"author":1,"featured_media":0,"parent":0,"menu_order":0,"comment_status":"closed","ping_status":"open","template":"","meta":{"footnotes":""},"class_list":["post-2","page","type-page","status-publish","hentry"],"_links":{"self":[{"href":"https:\/\/www.pflegeberatung-hochstift.de\/index.php?rest_route=\/wp\/v2\/pages\/2","targetHints":{"allow":["GET"]}}],"collection":[{"href":"https:\/\/www.pflegeberatung-hochstift.de\/index.php?rest_route=\/wp\/v2\/pages"}],"about":[{"href":"https:\/\/www.pflegeberatung-hochstift.de\/index.php?rest_route=\/wp\/v2\/types\/page"}],"author":[{"embeddable":true,"href":"https:\/\/www.pflegeberatung-hochstift.de\/index.php?rest_route=\/wp\/v2\/users\/1"}],"replies":[{"embeddable":true,"href":"https:\/\/www.pflegeberatung-hochstift.de\/index.php?rest_route=%2Fwp%2Fv2%2Fcomments&post=2"}],"version-history":[{"count":17,"href":"https:\/\/www.pflegeberatung-hochstift.de\/index.php?rest_route=\/wp\/v2\/pages\/2\/revisions"}],"predecessor-version":[{"id":192,"href":"https:\/\/www.pflegeberatung-hochstift.de\/index.php?rest_route=\/wp\/v2\/pages\/2\/revisions\/192"}],"wp:attachment":[{"href":"https:\/\/www.pflegeberatung-hochstift.de\/index.php?rest_route=%2Fwp%2Fv2%2Fmedia&parent=2"}],"curies":[{"name":"wp","href":"https:\/\/api.w.org\/{rel}","templated":true}]}}