{"id":210,"date":"2025-03-19T08:50:07","date_gmt":"2025-03-19T08:50:07","guid":{"rendered":"https:\/\/www.pflegeberatung-hochstift.de\/?page_id=210"},"modified":"2025-03-19T09:01:54","modified_gmt":"2025-03-19T09:01:54","slug":"preise-kosten","status":"publish","type":"page","link":"https:\/\/www.pflegeberatung-hochstift.de\/?page_id=210","title":{"rendered":"Preise &#038; Kosten"},"content":{"rendered":"<p><span class=\"theming-basic-Blue\"><strong>F\u00fcr Beratungen nach \u00a7 37 Absatz 3 SGB XI entstehen f\u00fcr Sie keine Kosten!<\/strong><\/span><\/p>\n<p><span class=\"theming-basic-Blue\">Sobald f\u00fcr Sie ein Pflegegrad festgestellt worden ist, werden diese Kosten von Ihrer Pflegeversicherung \u00fcbernommen und von mir direkt mit dieser abgerechnet.<\/span><\/p>\n<p><span class=\"theming-basic-Blue\">F\u00fcr <strong>individuelle h\u00e4usliche Schulungen nach \u00a7 45 SGB XI<\/strong> sind \u00fcber meinen <\/span><span class=\"theming-basic-Blue\">Berufsverband (DbfK) Rahmenvertr\u00e4ge mit einigen Pflegeversicherungen abgeschlossen worden. Folgende Kassen (in alphabetischer Reihenfolge) \u00fcbernehmen im Rahmen der Pflgeversicherung hierf\u00fcr die Kosten, wenn Sie als Pflegeperson oder pflegebed\u00fcrftige Person dort versichert sind:<\/span><\/p>\n<ul>\n<li><span class=\"theming-basic-Blue\">Barmer<\/span><\/li>\n<li><span class=\"theming-basic-Blue\">DAK-Gesundheit<\/span><\/li>\n<li><span class=\"theming-basic-Blue\">IKK classic<\/span><\/li>\n<li><span class=\"theming-basic-Blue\">Techniker Krankenkasse (TK)<\/span><\/li>\n<\/ul>\n<p><strong>F\u00fcr alle weiteren Leistungen berechne ich folgende Honorare:<\/strong><\/p>\n<ul>\n<li>69,00 \u20ac f\u00fcr die 1. Stunde<br \/>\nAb der 2. Stunde erfolgt die Abrechnung je angefangene 30 Minuten \u00e1 34,50\u20ac<\/li>\n<li>10,00 \u20ac Pauschale f\u00fcr die An- und Abfahrt<\/li>\n<\/ul>\n<p>Da ich als Kleinunternehmer registriert bin enth\u00e4lt der Rechnungsbetrag keine Umsatzsteuer (Gem\u00e4\u00df \u00a7 19 UStG).<\/p>\n<p>Die Abrechnung meiner Leistungen erfolgt \u00fcber die<\/p>\n<p><strong><u>AS Abrechnungsstelle\u00a0<\/u><\/strong><strong><u>f\u00fcr Heil-, Hilfs- und Pflegeberufe AG<\/u><\/strong><strong><u>\u00a0(Am Wall 96-98 in 28195 Bremen)<\/u><\/strong><\/p>\n<p>Die Abrechnungsstelle unterliegt den Bestimmungen der gesetzlichen Schweigepflicht und des Datenschutzes.<\/p>\n","protected":false},"excerpt":{"rendered":"<p>F\u00fcr Beratungen nach \u00a7 37 Absatz 3 SGB XI entstehen f\u00fcr Sie keine Kosten! Sobald f\u00fcr Sie ein Pflegegrad festgestellt worden ist, werden diese Kosten von Ihrer Pflegeversicherung \u00fcbernommen und von mir direkt mit dieser abgerechnet. F\u00fcr individuelle h\u00e4usliche Schulungen nach \u00a7 45 SGB XI sind \u00fcber meinen Berufsverband (DbfK) Rahmenvertr\u00e4ge mit einigen Pflegeversicherungen abgeschlossen &hellip; <a href=\"https:\/\/www.pflegeberatung-hochstift.de\/?page_id=210\" class=\"more-link\"><span class=\"screen-reader-text\">Preise &#038; Kosten<\/span> weiterlesen<\/a><\/p>\n","protected":false},"author":1,"featured_media":0,"parent":0,"menu_order":0,"comment_status":"closed","ping_status":"closed","template":"","meta":{"footnotes":""},"class_list":["post-210","page","type-page","status-publish","hentry"],"_links":{"self":[{"href":"https:\/\/www.pflegeberatung-hochstift.de\/index.php?rest_route=\/wp\/v2\/pages\/210","targetHints":{"allow":["GET"]}}],"collection":[{"href":"https:\/\/www.pflegeberatung-hochstift.de\/index.php?rest_route=\/wp\/v2\/pages"}],"about":[{"href":"https:\/\/www.pflegeberatung-hochstift.de\/index.php?rest_route=\/wp\/v2\/types\/page"}],"author":[{"embeddable":true,"href":"https:\/\/www.pflegeberatung-hochstift.de\/index.php?rest_route=\/wp\/v2\/users\/1"}],"replies":[{"embeddable":true,"href":"https:\/\/www.pflegeberatung-hochstift.de\/index.php?rest_route=%2Fwp%2Fv2%2Fcomments&post=210"}],"version-history":[{"count":3,"href":"https:\/\/www.pflegeberatung-hochstift.de\/index.php?rest_route=\/wp\/v2\/pages\/210\/revisions"}],"predecessor-version":[{"id":214,"href":"https:\/\/www.pflegeberatung-hochstift.de\/index.php?rest_route=\/wp\/v2\/pages\/210\/revisions\/214"}],"wp:attachment":[{"href":"https:\/\/www.pflegeberatung-hochstift.de\/index.php?rest_route=%2Fwp%2Fv2%2Fmedia&parent=210"}],"curies":[{"name":"wp","href":"https:\/\/api.w.org\/{rel}","templated":true}]}}