{"id":53,"date":"2024-11-17T18:13:13","date_gmt":"2024-11-17T18:13:13","guid":{"rendered":"http:\/\/www.pflegeberatung-hochstift.de\/?page_id=53"},"modified":"2024-12-05T20:16:10","modified_gmt":"2024-12-05T20:16:10","slug":"definition-der-pflegeberatung","status":"publish","type":"page","link":"https:\/\/www.pflegeberatung-hochstift.de\/?page_id=53","title":{"rendered":"Definition der Pflegeberatung"},"content":{"rendered":"\n<p>\u00a0Pflegebed\u00fcrftige die Pflegegeld erhalten und nicht die Hilfe eines Pflegedienstes in Anspruch nehmen, m\u00fcssen nach \u00a7 37. 3 des 11. Sozialgesetzbuch in regelm\u00e4\u00dfigen Abst\u00e4nden eine Beratung zur Pflege durchf\u00fchren lassen.<\/p>\n\n\n\n<p>Dies wird oft als Beratungseinsatz oder als Beratungsbesuch bezeichnet.<\/p>\n\n\n\n<p>Das Beratungsgespr\u00e4ch in der Pflege ist ab Pflegegrad 2 also verpflichtend. Es soll die Qualit\u00e4t in der h\u00e4uslichen Pflege sichern und die Pflegepersonen unterst\u00fctzen. <\/p>\n\n\n\n<p>Der Beratungseinsatz findet daher auch in der eigenen H\u00e4uslichkeit statt und wird meist von einem Mitarbeiter eines ambulanten Pflegedienstes, eines durch die Pflegekasse beauftragten Unternehmens oder einer anerkannten Beratungsstelle beispielsweise durch freiberufliche Pflegeberater durchgef\u00fchrt.<\/p>\n\n\n\n<p><strong>Zum Inhalt eines Beratungsgespr\u00e4ches z\u00e4hlen:<\/strong><\/p>\n\n\n\n<ul class=\"wp-block-list\">\n<li>Information und Aufkl\u00e4rung<\/li>\n\n\n\n<li>Bedarfsanalyse<\/li>\n\n\n\n<li>Hilfsangebote<\/li>\n\n\n\n<li>Entwicklung von Handlungsempfehlungen<\/li>\n\n\n\n<li>Vermittlung von Kontakten<\/li>\n\n\n\n<li>Regelm\u00e4\u00dfige \u00dcberpr\u00fcfung<\/li>\n<\/ul>\n","protected":false},"excerpt":{"rendered":"<p>\u00a0Pflegebed\u00fcrftige die Pflegegeld erhalten und nicht die Hilfe eines Pflegedienstes in Anspruch nehmen, m\u00fcssen nach \u00a7 37. 3 des 11. Sozialgesetzbuch in regelm\u00e4\u00dfigen Abst\u00e4nden eine Beratung zur Pflege durchf\u00fchren lassen. Dies wird oft als Beratungseinsatz oder als Beratungsbesuch bezeichnet. Das Beratungsgespr\u00e4ch in der Pflege ist ab Pflegegrad 2 also verpflichtend. Es soll die Qualit\u00e4t in &hellip; <a href=\"https:\/\/www.pflegeberatung-hochstift.de\/?page_id=53\" class=\"more-link\"><span class=\"screen-reader-text\">Definition der Pflegeberatung<\/span> weiterlesen<\/a><\/p>\n","protected":false},"author":1,"featured_media":0,"parent":0,"menu_order":0,"comment_status":"closed","ping_status":"closed","template":"","meta":{"footnotes":""},"class_list":["post-53","page","type-page","status-publish","hentry"],"_links":{"self":[{"href":"https:\/\/www.pflegeberatung-hochstift.de\/index.php?rest_route=\/wp\/v2\/pages\/53","targetHints":{"allow":["GET"]}}],"collection":[{"href":"https:\/\/www.pflegeberatung-hochstift.de\/index.php?rest_route=\/wp\/v2\/pages"}],"about":[{"href":"https:\/\/www.pflegeberatung-hochstift.de\/index.php?rest_route=\/wp\/v2\/types\/page"}],"author":[{"embeddable":true,"href":"https:\/\/www.pflegeberatung-hochstift.de\/index.php?rest_route=\/wp\/v2\/users\/1"}],"replies":[{"embeddable":true,"href":"https:\/\/www.pflegeberatung-hochstift.de\/index.php?rest_route=%2Fwp%2Fv2%2Fcomments&post=53"}],"version-history":[{"count":4,"href":"https:\/\/www.pflegeberatung-hochstift.de\/index.php?rest_route=\/wp\/v2\/pages\/53\/revisions"}],"predecessor-version":[{"id":196,"href":"https:\/\/www.pflegeberatung-hochstift.de\/index.php?rest_route=\/wp\/v2\/pages\/53\/revisions\/196"}],"wp:attachment":[{"href":"https:\/\/www.pflegeberatung-hochstift.de\/index.php?rest_route=%2Fwp%2Fv2%2Fmedia&parent=53"}],"curies":[{"name":"wp","href":"https:\/\/api.w.org\/{rel}","templated":true}]}}